{"id":11,"date":"2023-11-12T22:39:58","date_gmt":"2023-11-12T22:39:58","guid":{"rendered":"https:\/\/www.soswildlife.hu\/?page_id=11"},"modified":"2023-11-12T23:06:42","modified_gmt":"2023-11-12T23:06:42","slug":"11-2","status":"publish","type":"page","link":"https:\/\/www.soswildlife.hu\/","title":{"rendered":"+36703791224"},"content":{"rendered":"\n<p class=\"has-text-align-center\"><strong>SoS Wildlife Vad\u00e1llatv\u00e9delmi Egyes\u00fclet<\/strong><\/p>\n\n\n\n<p class=\"has-text-align-center has-medium-font-size\"><strong>Budapest \u00e9s Pest Megye<\/strong><\/p>\n\n\n\n<p class=\"has-text-align-center has-medium-font-size\"><strong>Telefonos seg\u00edts\u00e9g : Orsz\u00e1gos (ha nem tudod mit csin\u00e1lj, telefon\u00e1lj<\/strong><\/p>\n","protected":false},"excerpt":{"rendered":"<p>SoS Wildlife Vad\u00e1llatv\u00e9delmi Egyes\u00fclet Budapest \u00e9s Pest Megye Telefonos seg\u00edts\u00e9g : Orsz\u00e1gos (ha nem tudod mit csin\u00e1lj, telefon\u00e1lj<\/p>\n","protected":false},"author":1,"featured_media":0,"parent":0,"menu_order":0,"comment_status":"closed","ping_status":"closed","template":"","meta":{"footnotes":""},"class_list":["post-11","page","type-page","status-publish","hentry"],"_links":{"self":[{"href":"https:\/\/www.soswildlife.hu\/index.php?rest_route=\/wp\/v2\/pages\/11","targetHints":{"allow":["GET"]}}],"collection":[{"href":"https:\/\/www.soswildlife.hu\/index.php?rest_route=\/wp\/v2\/pages"}],"about":[{"href":"https:\/\/www.soswildlife.hu\/index.php?rest_route=\/wp\/v2\/types\/page"}],"author":[{"embeddable":true,"href":"https:\/\/www.soswildlife.hu\/index.php?rest_route=\/wp\/v2\/users\/1"}],"replies":[{"embeddable":true,"href":"https:\/\/www.soswildlife.hu\/index.php?rest_route=%2Fwp%2Fv2%2Fcomments&post=11"}],"version-history":[{"count":2,"href":"https:\/\/www.soswildlife.hu\/index.php?rest_route=\/wp\/v2\/pages\/11\/revisions"}],"predecessor-version":[{"id":20,"href":"https:\/\/www.soswildlife.hu\/index.php?rest_route=\/wp\/v2\/pages\/11\/revisions\/20"}],"wp:attachment":[{"href":"https:\/\/www.soswildlife.hu\/index.php?rest_route=%2Fwp%2Fv2%2Fmedia&parent=11"}],"curies":[{"name":"wp","href":"https:\/\/api.w.org\/{rel}","templated":true}]}}